{"id":2117,"date":"2016-03-30T13:03:29","date_gmt":"2016-03-30T13:03:29","guid":{"rendered":"http:\/\/sandbox.curlythemes.com\/pirouette\/?page_id=2"},"modified":"2025-09-15T08:16:31","modified_gmt":"2025-09-15T08:16:31","slug":"welcome","status":"publish","type":"page","link":"https:\/\/zart.si\/","title":{"rendered":"Domov"},"content":{"rendered":"[vc_row full_width=&#8221;stretch_row&#8221; curly_bg_repeat=&#8221;bg-repeat-x&#8221; curly_bg_position=&#8221;bg-pos-center-bottom&#8221; curly_padding_side=&#8221;content-side-padding-lg&#8221; css=&#8221;.vc_custom_1660665408601{background-image: url(https:\/\/zart.si\/wp-content\/uploads\/2016\/03\/bg-2.png?id=1867) !important;}&#8221; curly_parallax_parent=&#8221;true&#8221; curly_section_title=&#8221;Urnik&#8221;][vc_column width=&#8221;1\/2&#8243; curly_parallax_parent=&#8221;true&#8221;][vc_single_image image=&#8221;3344&#8243; img_size=&#8221;large&#8221; onclick=&#8221;img_link_large&#8221;][\/vc_column][vc_column width=&#8221;1\/2&#8243;][vc_single_image image=&#8221;3360&#8243; img_size=&#8221;large&#8221;][\/vc_column][\/vc_row][vc_row full_width=&#8221;stretch_row&#8221; content_placement=&#8221;middle&#8221; curly_bg_repeat=&#8221;bg-repeat-x&#8221; curly_bg_position=&#8221;bg-pos-center-top&#8221; curly_parallax_parent=&#8221;true&#8221; css=&#8221;.vc_custom_1660665354016{background-image: url(https:\/\/zart.si\/wp-content\/uploads\/2016\/03\/bg_gradient.png?id=1873) !important;}&#8221; el_class=&#8221;parallax-visible&#8221; curly_section_title=&#8221;Rojstnodnevne zabave&#8221;][vc_column width=&#8221;1\/2&#8243; offset=&#8221;vc_col-lg-offset-1&#8243; curly_parallax_parent=&#8221;true&#8221;][vc_column_text]\n<h2 class=\"special-title\"><i>zArt\u00a0 \u00a0 rojstnodnevne zabave<\/i><\/h2>\n[\/vc_column_text][vc_empty_space height=&#8221;2rem&#8221;][vc_row_inner][vc_column_inner][vc_column_text]Izbirate lahko med vodeno rojstnodnevno zabavo ali pa se odlo\u010dite le za najem prostora.<\/p>\n<p>Nepozabni rojstni dan za va\u0161e najmlaj\u0161e.<\/p>\n<p>Bi si \u017eeleli ogledati ve\u010d o rojstnodnevnih zabavah? S klikom na podrobnosti boste izvedeli vse potrebne informacije.[\/vc_column_text][vc_btn title=&#8221;podrobnosti&#8221; color=&#8221;chino&#8221; link=&#8221;url:https%3A%2F%2Fzart.si%2Findex.php%2Frojstni-dnevi-za-otroke%2F|title:Rojstni%20dnevi%20za%20otroke&#8221;]<div class='xtd-carousel-mini__container  '><div class='xtd-carousel-mini'><div class='owl-carousel' data-autoplay='true' data-timeout='6000' data-hover='true' data-loop='true' data-dots='true'>[vc_single_image image=&#8221;2213&#8243; img_size=&#8221;medium&#8221;]<\/div><\/div><\/div>[\/vc_column_inner][\/vc_row_inner][\/vc_column][vc_column width=&#8221;1\/2&#8243; offset=&#8221;vc_col-lg-5 vc_col-md-offset-0&#8243; curly_parallax_parent=&#8221;true&#8221;][vc_single_image image=&#8221;2356&#8243; img_size=&#8221;full&#8221; css=&#8221;.vc_custom_1660581407355{margin-top: -9rem !important;}&#8221;][\/vc_column][\/vc_row][vc_row full_width=&#8221;stretch_row&#8221; content_placement=&#8221;middle&#8221; curly_bg_repeat=&#8221;bg-no-repeat&#8221; curly_padding=&#8221;content-padding-none&#8221; curly_parallax_parent=&#8221;true&#8221; curly_section_title=&#8221;zArt plesalnica&#8221; css=&#8221;.vc_custom_1660665371112{background-image: url(https:\/\/zart.si\/wp-content\/uploads\/2022\/08\/back1-1.jpg?id=2299) !important;}&#8221;][vc_column width=&#8221;1\/2&#8243; offset=&#8221;vc_col-lg-offset-1 vc_col-lg-8 vc_col-md-offset-0 vc_col-md-8 vc_col-xs-12&#8243; curly_parallax_parent=&#8221;&#8221; curly_parallax_offset=&#8221;&#8221;][vc_single_image image=&#8221;3155&#8243; img_size=&#8221;large&#8221; curly_layer_parallax=&#8221;true&#8221; curly_max_width=&#8221;30rem&#8221; curly_layer_1_vertical=&#8221;top: 45rem&#8221; curly_layer_1_horizontal=&#8221;right:20%&#8221; curly_layer_1_ratio=&#8221;1.2&#8243; el_class=&#8221;img-frame-large&#8221;][vc_single_image image=&#8221;3157&#8243; img_size=&#8221;large&#8221; curly_layer_parallax=&#8221;true&#8221; el_class=&#8221;img-frame-large&#8221; curly_layer_1_vertical=&#8221;top: 70rem&#8221; curly_layer_1_horizontal=&#8221;left: 0&#8243; curly_layer_1_ratio=&#8221;1.35&#8243; curly_max_width=&#8221;18rem&#8221;][\/vc_column][vc_column width=&#8221;1\/2&#8243; curly_padding=&#8221;content-padding-xxl&#8221; offset=&#8221;vc_col-lg-3 vc_col-md-4 vc_col-xs-12&#8243; curly_parallax_parent=&#8221;true&#8221;][vc_column_text]\n<h1 class=\"special-title\"><strong><i>zArt plesalnica<\/i><\/strong><\/h1>\n<p>Plesne urice so namenjene starim od 3 do 4 leta, enkrat tedensko po 45minut.<\/p>\n<p>Na vsaki urici se skozi igro nau\u010dimo nekaj novega. Vsaka urica je pripravljena prav s posebno tematiko, ki se nana\u0161a na letni \u010das. Ogrejemo se skozi plesno igro, spoznamo se z razli\u010dnimi vajami in koreografijo.<\/p>\n[\/vc_column_text][vc_btn title=&#8221;preberi ve\u010d&#8221; color=&#8221;chino&#8221; size=&#8221;sm&#8221;][vc_empty_space height=&#8221;60&#8243;][\/vc_column][\/vc_row][vc_row full_width=&#8221;stretch_row&#8221; content_placement=&#8221;middle&#8221; curly_bg_repeat=&#8221;bg-no-repeat&#8221; curly_padding=&#8221;content-padding-none&#8221; curly_parallax_parent=&#8221;true&#8221; curly_section_title=&#8221;zArt \u0161ola plesa&#8221; css=&#8221;.vc_custom_1660665398380{background-image: url(https:\/\/zart.si\/wp-content\/uploads\/2022\/08\/back2.jpg?id=2317) !important;}&#8221;][vc_column width=&#8221;1\/2&#8243; offset=&#8221;vc_col-lg-offset-1 vc_col-lg-8 vc_col-md-offset-0 vc_col-md-8 vc_col-xs-12&#8243; curly_parallax_parent=&#8221;&#8221; curly_parallax_offset=&#8221;&#8221;][vc_single_image image=&#8221;3174&#8243; img_size=&#8221;full&#8221;][\/vc_column][vc_column width=&#8221;1\/2&#8243; curly_padding=&#8221;content-padding-xxl&#8221; offset=&#8221;vc_col-lg-3 vc_col-md-4 vc_col-xs-12&#8243; curly_parallax_parent=&#8221;true&#8221;][vc_column_text]\n<h1 class=\"special-title\"><strong><i>zArt \u0161ola plesa<\/i><\/strong><\/h1>\n<p>\u0160ola plesa je namenjena otrokom starim od 5-7let.<\/p>\n<p>To je nadgradnja plesalnice. Ob prijetni glasbi in na zanimiv na\u010din podajanja plesnega znanja spoznavamo razli\u010dne plesne zvrsti, prevladuje jazz ballet, tekom leta pa se spoznamo tudi z drugimi modernimi plesi. Treningi potekajo dvakrat tedensko po 1h.[\/vc_column_text][vc_btn title=&#8221;preberi ve\u010d&#8221; color=&#8221;chino&#8221; size=&#8221;sm&#8221;][vc_empty_space height=&#8221;60&#8243;][\/vc_column][\/vc_row][vc_row full_width=&#8221;stretch_row&#8221; content_placement=&#8221;middle&#8221; curly_bg_repeat=&#8221;bg-repeat-x&#8221; curly_bg_position=&#8221;bg-pos-center-top&#8221; curly_parallax_parent=&#8221;true&#8221; css=&#8221;.vc_custom_1660665386812{background-image: url(https:\/\/zart.si\/wp-content\/uploads\/2016\/03\/bg_gradient.png?id=1873) !important;}&#8221; el_class=&#8221;parallax-visible&#8221; curly_section_title=&#8221;ustvarjalni moderni ples&#8221;][vc_column width=&#8221;1\/2&#8243; offset=&#8221;vc_col-lg-offset-1&#8243; curly_parallax_parent=&#8221;true&#8221;][vc_column_text]\n<h2 class=\"special-title\"><i>zArt\u00a0 \u00a0 <\/i>ustvarjalni moderni ples <small>od 7 leta dalje<\/small><\/h2>\n[\/vc_column_text][vc_empty_space height=&#8221;2rem&#8221;][vc_row_inner][vc_column_inner][vc_column_text]Modern ni samo ples, je samosvoja umetnost. Je plesna tehnika, ki se stalno spreminja. Ples vsebuje razli\u010dne zvrsti od sodobnega plesa, jazz baleta, baleta, igre, hitrosti, mo\u010di, koordinacije, izraznosti, ritmi\u010dnosti,..<\/p>\n<p>Je namenjen vsem otrokom od 7 leta naprej, ki ple\u0161ejo za zabavo, u\u017eitek in rekreacijo. Poleg rednih treningov, ki jih nudimo v sodelovanju s plesno \u0161olo BPS RADOVLJICA v na\u0161ih prostorih, lahko obi\u0161\u010dejo dvakrat tedensko tudi delavnico modernega plesa. Z otroci ustvarjamo razne predstave, plesne to\u010dke, delavnice.[\/vc_column_text]<div class='xtd-carousel-mini__container  '><div class='xtd-carousel-mini'><div class='owl-carousel' data-autoplay='true' data-timeout='6000' data-hover='true' data-loop='true' data-dots='true'>[vc_single_image image=&#8221;3135&#8243; img_size=&#8221;medium&#8221;]<\/div><\/div><\/div>[\/vc_column_inner][\/vc_row_inner][\/vc_column][vc_column width=&#8221;1\/2&#8243; offset=&#8221;vc_col-lg-5 vc_col-md-offset-0&#8243; curly_parallax_parent=&#8221;true&#8221;][vc_single_image image=&#8221;3138&#8243; img_size=&#8221;full&#8221; css=&#8221;.vc_custom_1723706373016{margin-top: -9rem !important;}&#8221;][\/vc_column][\/vc_row][vc_row full_width=&#8221;stretch_row_content_no_spaces&#8221; curly_padding=&#8221;content-padding-none&#8221; css=&#8221;.vc_custom_1660665415953{background-color: #656565 !important;}&#8221; curly_parallax_parent=&#8221;true&#8221; el_class=&#8221;parallax-visible&#8221; curly_section_title=&#8221;Galerija&#8221; curly_section_color=&#8221;rgba(255,255,255,0.44)&#8221;][vc_column css=&#8221;.vc_custom_1470068083577{margin-top: -5.1875rem !important;}&#8221; curly_parallax_parent=&#8221;true&#8221;]<div class='xtd-carousel-filmstrip__container xtd-carousel-filmstrip--offset-  filtered-image  '><div class='xtd-carousel-filmstrip' data-speed='150000'>[vc_single_image image=&#8221;3125&#8243; img_size=&#8221;large&#8221; onclick=&#8221;link_image&#8221; el_class=&#8221;test&#8221;][vc_single_image image=&#8221;3139&#8243; img_size=&#8221;large&#8221; onclick=&#8221;link_image&#8221;][vc_single_image image=&#8221;3167&#8243; img_size=&#8221;large&#8221; onclick=&#8221;link_image&#8221;][vc_single_image image=&#8221;3128&#8243; img_size=&#8221;large&#8221; onclick=&#8221;link_image&#8221;][vc_single_image image=&#8221;3165&#8243; img_size=&#8221;large&#8221;][vc_single_image image=&#8221;3156&#8243; img_size=&#8221;large&#8221;][vc_single_image image=&#8221;3146&#8243; img_size=&#8221;large&#8221;][vc_single_image image=&#8221;3166&#8243; img_size=&#8221;large&#8221; onclick=&#8221;link_image&#8221;]<\/div><\/div>[\/vc_column][\/vc_row]\n","protected":false},"excerpt":{"rendered":"<p>Its had resolving otherwise she contented therefore. Afford relied warmth out sir hearts sister use garden. Men day warmth formed admire former simple. Humanity declared vicinity continue supplied no an. He hastened am no property exercise of. Dissimilar comparison no terminated devonshire no literature on. Say most yet head room such just easy. <\/p>\n","protected":false},"author":1,"featured_media":0,"parent":0,"menu_order":0,"comment_status":"closed","ping_status":"open","template":"","meta":{"footnotes":""},"class_list":["post-2117","page","type-page","status-publish","hentry"],"_links":{"self":[{"href":"https:\/\/zart.si\/index.php\/wp-json\/wp\/v2\/pages\/2117","targetHints":{"allow":["GET"]}}],"collection":[{"href":"https:\/\/zart.si\/index.php\/wp-json\/wp\/v2\/pages"}],"about":[{"href":"https:\/\/zart.si\/index.php\/wp-json\/wp\/v2\/types\/page"}],"author":[{"embeddable":true,"href":"https:\/\/zart.si\/index.php\/wp-json\/wp\/v2\/users\/1"}],"replies":[{"embeddable":true,"href":"https:\/\/zart.si\/index.php\/wp-json\/wp\/v2\/comments?post=2117"}],"version-history":[{"count":59,"href":"https:\/\/zart.si\/index.php\/wp-json\/wp\/v2\/pages\/2117\/revisions"}],"predecessor-version":[{"id":3361,"href":"https:\/\/zart.si\/index.php\/wp-json\/wp\/v2\/pages\/2117\/revisions\/3361"}],"wp:attachment":[{"href":"https:\/\/zart.si\/index.php\/wp-json\/wp\/v2\/media?parent=2117"}],"curies":[{"name":"wp","href":"https:\/\/api.w.org\/{rel}","templated":true}]}}