{"id":2392,"date":"2022-08-15T17:49:20","date_gmt":"2022-08-15T17:49:20","guid":{"rendered":"https:\/\/zart.si\/?page_id=2392"},"modified":"2025-08-27T16:07:44","modified_gmt":"2025-08-27T16:07:44","slug":"plesnitecajzaodrasle","status":"publish","type":"page","link":"https:\/\/zart.si\/index.php\/plesnitecajzaodrasle\/","title":{"rendered":"Plesni te\u010daj za odrasle"},"content":{"rendered":"[vc_row full_width=&#8221;stretch_row&#8221; content_placement=&#8221;top&#8221; curly_padding=&#8221;content-padding-lg&#8221; css=&#8221;.vc_custom_1660585800209{border-bottom-width: 1px !important;background-color: #f7f6f6 !important;border-bottom-color: #f4f4f4 !important;border-bottom-style: solid !important;}&#8221;][vc_column width=&#8221;1\/3&#8243;][vc_column_text]\n<h2 class=\"special-title\">Plesni te\u010daj za odrasle<\/h2>\n<p>Vse, ki si \u017eelite, spro\u0161\u010denega vzdu\u0161ja in prijetne dru\u017ebe, vabimo, da se udele\u017eite na\u0161ega dru\u017eabnega plesnega te\u010daja.<\/p>\n<p>&nbsp;<\/p>\n<p>Nau\u010dili se boste plese svetovnega plesnega programa (angle\u0161ki val\u010dek, foxtrot, tango, cha cha cha, rumba, samba, dunajski val\u010dek, po\u010dasni foxtrot, quickstep, jive) in moderne popularne plese (techno swing, disco hustle, disco fox, blues, kvadratna rumba, salsa, marengue, bachata \u2026).<\/p>\n<p>Na plesnih vajah bomo poskrbeli za prijetno vzdu\u0161je in dobro znanje plesnih korakov.[\/vc_column_text][\/vc_column][vc_column width=&#8221;1\/2&#8243; offset=&#8221;vc_col-sm-offset-1&#8243;][vc_single_image image=&#8221;3252&#8243; img_size=&#8221;large&#8221; style=&#8221;img-frame-large&#8221;][vc_column_text]NEDELJA<\/p>\n<ul>\n<li>18:30 &#8211; 20:00<\/li>\n<li>20:00 &#8211; 21:30<\/li>\n<li><\/li>\n<\/ul>\n<p>&nbsp;<\/p>\n<p>&nbsp;<\/p>\n<p>Prijave so obvezne na <a href=\"mailto:miran@mirandance.com\">miran@mirandance.com<\/a> ali na telefonsko \u0161tevilko 031732580.[\/vc_column_text][\/vc_column][\/vc_row][vc_row full_width=&#8221;stretch_row_content_no_spaces&#8221; curly_padding=&#8221;content-padding-none&#8221; css=&#8221;.vc_custom_1471445746929{background-color: #656565 !important;}&#8221; curly_parallax_parent=&#8221;true&#8221; el_class=&#8221;parallax-visible&#8221; curly_section_title=&#8221;Gallery&#8221; curly_section_color=&#8221;rgba(255,255,255,0.44)&#8221;][vc_column css=&#8221;.vc_custom_1470068083577{margin-top: -5.1875rem !important;}&#8221; curly_parallax_parent=&#8221;true&#8221;]<div class='xtd-carousel-filmstrip__container xtd-carousel-filmstrip--offset-  filtered-image  '><div class='xtd-carousel-filmstrip' data-speed='150000'>[vc_single_image image=&#8221;2327&#8243; img_size=&#8221;large&#8221; onclick=&#8221;link_image&#8221; el_class=&#8221;test&#8221;][vc_single_image image=&#8221;2326&#8243; img_size=&#8221;large&#8221; onclick=&#8221;link_image&#8221;][vc_single_image image=&#8221;2325&#8243; img_size=&#8221;large&#8221; onclick=&#8221;link_image&#8221;][vc_single_image image=&#8221;2324&#8243; img_size=&#8221;large&#8221;][vc_single_image image=&#8221;2323&#8243; img_size=&#8221;large&#8221;][vc_single_image image=&#8221;1936&#8243; img_size=&#8221;large&#8221; onclick=&#8221;link_image&#8221;][vc_single_image image=&#8221;2322&#8243; img_size=&#8221;large&#8221;][vc_single_image image=&#8221;2320&#8243; img_size=&#8221;large&#8221; onclick=&#8221;link_image&#8221;]<\/div><\/div>[vc_empty_space height=&#8221;8rem&#8221;][\/vc_column][\/vc_row]\n","protected":false},"excerpt":{"rendered":"<p>[vc_row full_width=&#8221;stretch_row&#8221; content_placement=&#8221;top&#8221; curly_padding=&#8221;content-padding-lg&#8221; css=&#8221;.vc_custom_1660585800209{border-bottom-width: 1px !important;background-color: #f7f6f6 !important;border-bottom-color: #f4f4f4 !important;border-bottom-style: solid !important;}&#8221;][vc_column width=&#8221;1\/3&#8243;][vc_column_text] Plesni te\u010daj za odrasle Vse, ki si \u017eelite, spro\u0161\u010denega vzdu\u0161ja in prijetne dru\u017ebe, vabimo, da se udele\u017eite na\u0161ega dru\u017eabnega plesnega te\u010daja. &nbsp; Nau\u010dili se boste plese svetovnega plesnega programa (angle\u0161ki val\u010dek, foxtrot, tango, cha cha cha, rumba, samba, dunajski val\u010dek, po\u010dasni foxtrot, quickstep, jive) in moderne [&hellip;]<\/p>\n","protected":false},"author":1,"featured_media":0,"parent":0,"menu_order":0,"comment_status":"closed","ping_status":"closed","template":"","meta":{"footnotes":""},"class_list":["post-2392","page","type-page","status-publish","hentry"],"_links":{"self":[{"href":"https:\/\/zart.si\/index.php\/wp-json\/wp\/v2\/pages\/2392","targetHints":{"allow":["GET"]}}],"collection":[{"href":"https:\/\/zart.si\/index.php\/wp-json\/wp\/v2\/pages"}],"about":[{"href":"https:\/\/zart.si\/index.php\/wp-json\/wp\/v2\/types\/page"}],"author":[{"embeddable":true,"href":"https:\/\/zart.si\/index.php\/wp-json\/wp\/v2\/users\/1"}],"replies":[{"embeddable":true,"href":"https:\/\/zart.si\/index.php\/wp-json\/wp\/v2\/comments?post=2392"}],"version-history":[{"count":13,"href":"https:\/\/zart.si\/index.php\/wp-json\/wp\/v2\/pages\/2392\/revisions"}],"predecessor-version":[{"id":3329,"href":"https:\/\/zart.si\/index.php\/wp-json\/wp\/v2\/pages\/2392\/revisions\/3329"}],"wp:attachment":[{"href":"https:\/\/zart.si\/index.php\/wp-json\/wp\/v2\/media?parent=2392"}],"curies":[{"name":"wp","href":"https:\/\/api.w.org\/{rel}","templated":true}]}}