{"id":2605,"date":"2022-08-16T20:31:56","date_gmt":"2022-08-16T20:31:56","guid":{"rendered":"https:\/\/zart.si\/?page_id=2605"},"modified":"2025-08-23T18:32:27","modified_gmt":"2025-08-23T18:32:27","slug":"cenik","status":"publish","type":"page","link":"https:\/\/zart.si\/index.php\/cenik\/","title":{"rendered":"Cenik"},"content":{"rendered":"[vc_row][vc_column width=&#8221;1\/2&#8243;][vc_custom_heading text=&#8221;Cenik&#8221;][vc_column_text]\n<table style=\"border-collapse: collapse; width: 70.7826%; height: 120px;\">\n<tbody>\n<tr style=\"height: 24px;\">\n<td style=\"width: 56.3291%; height: 24px;\">\n<h3>Mese\u010dna karta<\/h3>\n<\/td>\n<td style=\"width: 14.4535%; height: 24px;\"><\/td>\n<\/tr>\n<tr style=\"height: 24px;\">\n<td style=\"width: 56.3291%; height: 24px;\">Obisk 1x tedensko<\/td>\n<td style=\"width: 14.4535%; height: 24px;\">35,00 \u20ac<\/td>\n<\/tr>\n<tr style=\"height: 24px;\">\n<td style=\"width: 56.3291%; height: 24px;\">Obisk 2x tedensko<\/td>\n<td style=\"width: 14.4535%; height: 24px;\">60,00 \u20ac<\/td>\n<\/tr>\n<tr style=\"height: 24px;\">\n<td style=\"width: 56.3291%; height: 24px;\">obisk 3x tedensko<\/td>\n<td style=\"width: 14.4535%; height: 24px;\">80,00 \u20ac<\/td>\n<\/tr>\n<tr style=\"height: 24px;\">\n<td style=\"width: 56.3291%; height: 24px;\">10% popust na vsakega dodatnega dru\u017einskega \u010dlana<\/td>\n<td style=\"width: 14.4535%; height: 24px;\"><\/td>\n<\/tr>\n<\/tbody>\n<\/table>\n<p>LETNA \u010cLANARINA OB VPISU ZNA\u0160A 20\u20ac[\/vc_column_text][\/vc_column][vc_column width=&#8221;1\/2&#8243;][vc_empty_space height=&#8221;90&#8243;][vc_column_text]\n<table style=\"border-collapse: collapse; width: 71.8261%; height: 161px;\">\n<tbody>\n<tr style=\"height: 65px;\">\n<td style=\"width: 50%; height: 65px;\">\n<h3>Rojstnodnevne\u00a0 vodene zabave<\/h3>\n<\/td>\n<td style=\"width: 24.0143%; height: 65px;\"><\/td>\n<\/tr>\n<tr style=\"height: 24px;\">\n<td style=\"width: 50%; height: 24px;\"><strong>Cena do 10 otrok 140\u20ac<\/strong><\/p>\n<p><strong>Cena do 15 otrok 160\u20ac<\/strong><\/p>\n<p><strong>Cena do 20 otrok\u00a0 180\u20ac<\/strong><\/p>\n<p><strong>Cena do 25 otrok 200\u20ac<\/strong><\/p>\n<p><strong>Cena do 30 otrok 220\u20ac<\/strong><\/td>\n<td style=\"width: 24.0143%; height: 24px;\"><\/td>\n<\/tr>\n<tr style=\"height: 24px;\">\n<td style=\"width: 50%; height: 24px;\">&nbsp;<\/p>\n<p><strong><span style=\"font-size: 14pt;\">NAJEM PROSTORA<\/span><\/strong> brez animatorjev<\/td>\n<td style=\"width: 24.0143%; height: 24px;\"><\/td>\n<\/tr>\n<tr style=\"height: 24px;\">\n<td style=\"width: 50%; height: 24px;\">najem prostora 2h<\/td>\n<td style=\"width: 24.0143%; height: 24px;\">100,00 \u20ac<\/td>\n<\/tr>\n<tr style=\"height: 24px;\">\n<td style=\"width: 50%; height: 24px;\">najem prostora 3h<\/td>\n<td style=\"width: 24.0143%; height: 24px;\">150,00 \u20ac<\/td>\n<\/tr>\n<\/tbody>\n<\/table>\n<p>cenik je veljaven le za dejavnosti zArt center gibanja[\/vc_column_text][\/vc_column][\/vc_row][vc_row full_width=&#8221;stretch_row_content_no_spaces&#8221; curly_padding=&#8221;content-padding-none&#8221; css=&#8221;.vc_custom_1471445746929{background-color: #656565 !important;}&#8221; curly_parallax_parent=&#8221;true&#8221; el_class=&#8221;parallax-visible&#8221; curly_section_title=&#8221;Gallery&#8221; curly_section_color=&#8221;rgba(255,255,255,0.44)&#8221;][vc_column css=&#8221;.vc_custom_1470068083577{margin-top: -5.1875rem !important;}&#8221; curly_parallax_parent=&#8221;true&#8221;]<div class='xtd-carousel-filmstrip__container xtd-carousel-filmstrip--offset-  filtered-image  '><div class='xtd-carousel-filmstrip' data-speed='150000'>[vc_single_image image=&#8221;3143&#8243; img_size=&#8221;large&#8221; onclick=&#8221;link_image&#8221; el_class=&#8221;test&#8221;][vc_single_image image=&#8221;3125&#8243; img_size=&#8221;large&#8221; onclick=&#8221;link_image&#8221;][vc_single_image image=&#8221;3165&#8243; img_size=&#8221;large&#8221; onclick=&#8221;link_image&#8221;][vc_single_image image=&#8221;3166&#8243; img_size=&#8221;large&#8221;][vc_single_image image=&#8221;3139&#8243; img_size=&#8221;large&#8221;][vc_single_image image=&#8221;3167&#8243; img_size=&#8221;large&#8221; onclick=&#8221;link_image&#8221;][vc_single_image image=&#8221;3168&#8243; img_size=&#8221;large&#8221;]<\/div><\/div>[vc_empty_space height=&#8221;8rem&#8221;][\/vc_column][\/vc_row]\n","protected":false},"excerpt":{"rendered":"<p>[vc_row][vc_column width=&#8221;1\/2&#8243;][vc_custom_heading text=&#8221;Cenik&#8221;][vc_column_text] Mese\u010dna karta Obisk 1x tedensko 35,00 \u20ac Obisk 2x tedensko 60,00 \u20ac obisk 3x tedensko 80,00 \u20ac 10% popust na vsakega dodatnega dru\u017einskega \u010dlana LETNA \u010cLANARINA OB VPISU ZNA\u0160A 20\u20ac[\/vc_column_text][\/vc_column][vc_column width=&#8221;1\/2&#8243;][vc_empty_space height=&#8221;90&#8243;][vc_column_text] Rojstnodnevne\u00a0 vodene zabave Cena do 10 otrok 140\u20ac Cena do 15 otrok 160\u20ac Cena do 20 otrok\u00a0 180\u20ac Cena do 25 otrok 200\u20ac Cena do [&hellip;]<\/p>\n","protected":false},"author":1,"featured_media":0,"parent":0,"menu_order":0,"comment_status":"closed","ping_status":"closed","template":"","meta":{"footnotes":""},"class_list":["post-2605","page","type-page","status-publish","hentry"],"_links":{"self":[{"href":"https:\/\/zart.si\/index.php\/wp-json\/wp\/v2\/pages\/2605","targetHints":{"allow":["GET"]}}],"collection":[{"href":"https:\/\/zart.si\/index.php\/wp-json\/wp\/v2\/pages"}],"about":[{"href":"https:\/\/zart.si\/index.php\/wp-json\/wp\/v2\/types\/page"}],"author":[{"embeddable":true,"href":"https:\/\/zart.si\/index.php\/wp-json\/wp\/v2\/users\/1"}],"replies":[{"embeddable":true,"href":"https:\/\/zart.si\/index.php\/wp-json\/wp\/v2\/comments?post=2605"}],"version-history":[{"count":28,"href":"https:\/\/zart.si\/index.php\/wp-json\/wp\/v2\/pages\/2605\/revisions"}],"predecessor-version":[{"id":3268,"href":"https:\/\/zart.si\/index.php\/wp-json\/wp\/v2\/pages\/2605\/revisions\/3268"}],"wp:attachment":[{"href":"https:\/\/zart.si\/index.php\/wp-json\/wp\/v2\/media?parent=2605"}],"curies":[{"name":"wp","href":"https:\/\/api.w.org\/{rel}","templated":true}]}}